{"id":707,"date":"2023-01-10T11:31:26","date_gmt":"2023-01-10T11:31:26","guid":{"rendered":"http:\/\/finestwp.com\/kingstrox\/?page_id=707"},"modified":"2025-12-15T18:22:09","modified_gmt":"2025-12-15T18:22:09","slug":"inicio","status":"publish","type":"page","link":"https:\/\/rtimantenimiento.com\/","title":{"rendered":"Inicio"},"content":{"rendered":"\t\t<div data-elementor-type=\"wp-page\" data-elementor-id=\"707\" class=\"elementor elementor-707\">\n\t\t\t\t\t\t<section class=\"elementor-section elementor-top-section elementor-element elementor-element-f6b554b elementor-section-full_width elementor-section-height-default elementor-section-height-default\" data-id=\"f6b554b\" data-element_type=\"section\">\n\t\t\t\t\t\t<div class=\"elementor-container elementor-column-gap-no\">\n\t\t\t\t\t<div class=\"elementor-column elementor-col-100 elementor-top-column elementor-element elementor-element-439939d\" data-id=\"439939d\" data-element_type=\"column\">\n\t\t\t<div class=\"elementor-widget-wrap elementor-element-populated\">\n\t\t\t\t\t\t<div class=\"elementor-element elementor-element-cf9deaf elementor-widget elementor-widget-kingstrox_slider\" data-id=\"cf9deaf\" data-element_type=\"widget\" data-widget_type=\"kingstrox_slider.default\">\n\t\t\t\t<div class=\"elementor-widget-container\">\n\t\t\t\t\t        \t\n\n\t\n\t <script>\n jQuery(document).ready(function($)\n {\n\n\/\/put the js code under this line \nif ($(\".banner-slider\").length > 0) {\n\t\/\/ Banner Slider\n\tvar bannerSlider = new Swiper(\".banner-slider\", {\n\t\tpreloadImages: false,\n\t\tloop: true,\n\t\tgrabCursor: true,\n\t\tcenteredSlides: false,\n\t\tresistance: true,\n\t\tresistanceRatio: 0.6,\n\t\tspeed: 2400,\n\t\tspaceBetween: 0,\n\t\tparallax: false,\n\t\teffect: \"slide\",\n\t\tautoplay: {\n\t\t\tdelay: 8000,\n\t\t\tdisableOnInteraction: false\n\t\t},\n\t\tnavigation: {\n\t\t\tnextEl: \".banner-slider-button-next\",\n\t\t\tprevEl: \".banner-slider-button-prev\",\n\t\t},\n\t});\n}\n\/\/put the code above the line \n\n  });\n<\/script>\n\t<section class=\"banner-section \">\n        <div class=\"swiper-container banner-slider\">\n            <div class=\"swiper-wrapper\">\n                <!-- Slide Item -->\n\t\t\t\t\t\n                <div class=\"swiper-slide\" style=\"background-image: url(https:\/\/rtimantenimiento.com\/wp-content\/uploads\/2025\/10\/slide1.jpg);\">\n                    <div class=\"content-outer\">\n                        <div class=\"content-box\">\n                            <div class=\"inner\">\n                                <h1>Soluciones Integrales  <br> para el Sector Industrial<\/h1>\n                                <div class=\"text\">Calidad, seguridad y cumplimiento normativo en cada uno de sus proyectos.<\/div>\n                                <div class=\"link-box\">\n                                    <a href=\"\/index.php\/contacto\/\" class=\"btn-1 btn-large\">Cont\u00e1ctenos<span><\/span><\/a>\n                                <\/div>\n                            <\/div>\n                        <\/div>\n                    <\/div>\n                <\/div>\n\t\t\t\t\t\n                <div class=\"swiper-slide\" style=\"background-image: url(https:\/\/rtimantenimiento.com\/wp-content\/uploads\/2025\/10\/slide2.jpg);\">\n                    <div class=\"content-outer\">\n                        <div class=\"content-box\">\n                            <div class=\"inner\">\n                                <h1>Mantenimiento Industrial <br> y El\u00e9ctrico Certificado<\/h1>\n                                <div class=\"text\">Diagn\u00f3stico predictivo, inspecciones RETIE\/NFPA y optimizaci\u00f3n de procesos para garantizar la continuidad operativa.<\/div>\n                                <div class=\"link-box\">\n                                    <a href=\"\/index.php\/contacto\/\" class=\"btn-1 btn-large\">Cont\u00e1ctenos<span><\/span><\/a>\n                                <\/div>\n                            <\/div>\n                        <\/div>\n                    <\/div>\n                <\/div>\n\t\t\t\t\t\n                <div class=\"swiper-slide\" style=\"background-image: url(https:\/\/rtimantenimiento.com\/wp-content\/uploads\/2025\/10\/slide3.jpg);\">\n                    <div class=\"content-outer\">\n                        <div class=\"content-box\">\n                            <div class=\"inner\">\n                                <h1>Montajes Industriales <br> Fabricaci\u00f3n y Mecanizado<\/h1>\n                                <div class=\"text\">Desde la fabricaci\u00f3n de piezas y estructuras met\u00e1licas hasta la automatizaci\u00f3n y puesta en marcha de sistemas.<\/div>\n                                <div class=\"link-box\">\n                                    <a href=\"\/index.php\/contacto\/\" class=\"btn-1 btn-large\">Cont\u00e1ctenos<span><\/span><\/a>\n                                <\/div>\n                            <\/div>\n                        <\/div>\n                    <\/div>\n                <\/div>\n\t\t\t\t            <\/div>\n        <\/div>\n        <div class=\"banner-slider-nav\">\n            <div class=\"banner-slider-control banner-slider-button-prev\"><span><i class=\"flaticon-left-arrow\"><\/i><\/span><\/div>\n            <div class=\"banner-slider-control banner-slider-button-next\"><span><i class=\"flaticon-right-arrow\"><\/i><\/span> <\/div>\n        <\/div>\n    <\/section>\n\n             \n\t\t\t\t\t\t<\/div>\n\t\t\t\t<\/div>\n\t\t\t\t\t<\/div>\n\t\t<\/div>\n\t\t\t\t\t<\/div>\n\t\t<\/section>\n\t\t<div class=\"elementor-element elementor-element-33861c4 e-flex e-con-boxed e-con e-parent\" data-id=\"33861c4\" data-element_type=\"container\">\n\t\t\t\t\t<div class=\"e-con-inner\">\n\t\t\t\t<div class=\"elementor-element elementor-element-c2203c0 elementor-widget elementor-widget-spacer\" data-id=\"c2203c0\" data-element_type=\"widget\" data-widget_type=\"spacer.default\">\n\t\t\t\t\t\t\t<div class=\"elementor-spacer\">\n\t\t\t<div class=\"elementor-spacer-inner\"><\/div>\n\t\t<\/div>\n\t\t\t\t\t\t<\/div>\n\t\t\t\t\t<\/div>\n\t\t\t\t<\/div>\n\t\t\t\t<section class=\"elementor-section elementor-top-section elementor-element elementor-element-c80fa4a elementor-section-full_width elementor-section-height-default elementor-section-height-default\" data-id=\"c80fa4a\" data-element_type=\"section\">\n\t\t\t\t\t\t<div class=\"elementor-container elementor-column-gap-no\">\n\t\t\t\t\t<div class=\"elementor-column elementor-col-100 elementor-top-column elementor-element elementor-element-74a4dd8\" data-id=\"74a4dd8\" data-element_type=\"column\">\n\t\t\t<div class=\"elementor-widget-wrap\">\n\t\t\t\t\t\t\t<\/div>\n\t\t<\/div>\n\t\t\t\t\t<\/div>\n\t\t<\/section>\n\t\t\t\t<section class=\"elementor-section elementor-top-section elementor-element elementor-element-d0dbf4e elementor-section-full_width elementor-section-content-middle elementor-section-height-default elementor-section-height-default\" data-id=\"d0dbf4e\" data-element_type=\"section\" data-settings=\"{&quot;background_background&quot;:&quot;classic&quot;}\">\n\t\t\t\t\t\t\t<div class=\"elementor-background-overlay\"><\/div>\n\t\t\t\t\t\t\t<div class=\"elementor-container elementor-column-gap-no\">\n\t\t\t\t\t<div class=\"elementor-column elementor-col-100 elementor-top-column elementor-element elementor-element-b9baf84\" data-id=\"b9baf84\" data-element_type=\"column\">\n\t\t\t<div class=\"elementor-widget-wrap\">\n\t\t\t\t\t\t\t<\/div>\n\t\t<\/div>\n\t\t\t\t\t<\/div>\n\t\t<\/section>\n\t\t\t\t<section class=\"elementor-section elementor-top-section elementor-element elementor-element-5ffca4b elementor-section-full_width elementor-section-height-default elementor-section-height-default\" data-id=\"5ffca4b\" data-element_type=\"section\">\n\t\t\t\t\t\t<div class=\"elementor-container elementor-column-gap-no\">\n\t\t\t\t\t<div class=\"elementor-column elementor-col-100 elementor-top-column elementor-element elementor-element-ba24fa1\" data-id=\"ba24fa1\" data-element_type=\"column\">\n\t\t\t<div class=\"elementor-widget-wrap elementor-element-populated\">\n\t\t\t\t\t\t<div class=\"elementor-element elementor-element-058e6b7 elementor-widget elementor-widget-kingstrox_features_section\" data-id=\"058e6b7\" data-element_type=\"widget\" data-widget_type=\"kingstrox_features_section.default\">\n\t\t\t\t<div class=\"elementor-widget-container\">\n\t\t\t\t\t        \t\n\n\t\n\t <script>\n jQuery(document).ready(function($)\n {\n\n\/\/put the js code under this line \n\n\n\n\n\n\/\/put the code above the line \n\n  });\n<\/script>\n\t <!-- Feautes Section -->\n\t <section class=\"features-section \">\n        <div class=\"auto-container\">\n            <div class=\"outer-box\">\n                <div class=\"row\">\n                    <!-- Feature Block -->\n\t\t\t\t\t\t\t\t\t\t\t<div class=\"feature-block-two col-lg-4 col-md-6 col-sm-12 wow fadeInUp\">\n\t\t\t\t\t\t\t<div class=\"inner-box\">\n\t\t\t\t\t\t\t\t<div class=\"upper-box\">\n\t\t\t\t\t\t\t\t\t<div class=\"icon-box\"><span class=\"icon  flaticon-crane\"><\/span><\/div>\n\t\t\t\t\t\t\t\t<\/div>\n\t\t\t\t\t\t\t\t<div class=\"lower-content\">\n\t\t\t\t\t\t\t\t\t<h4><a href=\"#\">Cumplimiento y Seguridad<\/a><\/h4>\n\t\t\t\t\t\t\t\t\t<div class=\"text\">Garantizamos soluciones enfocadas en calidad y seguridad, cumpliendo estrictamente con normativas vigentes como RETIE y NFPA 70E.<\/div>\n\t\t\t\t\t\t\t\t\t<div class=\"link-box\"><a href=\"#\"><\/a><\/div>\n\t\t\t\t\t\t\t\t<\/div>\n\t\t\t\t\t\t\t<\/div>\n\t\t\t\t\t\t<\/div>\n\t\t\t\t\t\t\t\t\t\t\t<div class=\"feature-block-two col-lg-4 col-md-6 col-sm-12 wow fadeInUp\">\n\t\t\t\t\t\t\t<div class=\"inner-box\">\n\t\t\t\t\t\t\t\t<div class=\"upper-box\">\n\t\t\t\t\t\t\t\t\t<div class=\"icon-box\"><span class=\"icon  flaticon-worker-2\"><\/span><\/div>\n\t\t\t\t\t\t\t\t<\/div>\n\t\t\t\t\t\t\t\t<div class=\"lower-content\">\n\t\t\t\t\t\t\t\t\t<h4><a href=\"#\">Diagn\u00f3stico especializado<\/a><\/h4>\n\t\t\t\t\t\t\t\t\t<div class=\"text\">Utilizamos an\u00e1lisis de vibraciones, termograf\u00eda y pruebas funcionales para un mantenimiento predictivo y preventivo de alta precisi\u00f3n.<\/div>\n\t\t\t\t\t\t\t\t\t<div class=\"link-box\"><a href=\"#\"><\/a><\/div>\n\t\t\t\t\t\t\t\t<\/div>\n\t\t\t\t\t\t\t<\/div>\n\t\t\t\t\t\t<\/div>\n\t\t\t\t\t\t\t\t\t\t\t<div class=\"feature-block-two col-lg-4 col-md-6 col-sm-12 wow fadeInUp\">\n\t\t\t\t\t\t\t<div class=\"inner-box\">\n\t\t\t\t\t\t\t\t<div class=\"upper-box\">\n\t\t\t\t\t\t\t\t\t<div class=\"icon-box\"><span class=\"icon  flaticon-robot-arm\"><\/span><\/div>\n\t\t\t\t\t\t\t\t<\/div>\n\t\t\t\t\t\t\t\t<div class=\"lower-content\">\n\t\t\t\t\t\t\t\t\t<h4><a href=\"#\">Soluciones <br>                   \n360\u00b0\n<\/a><\/h4>\n\t\t\t\t\t\t\t\t\t<div class=\"text\">Desde el suministro de personal calificado y alquiler de equipos hasta la ejecuci\u00f3n de montajes y paradas de planta.\n<\/div>\n\t\t\t\t\t\t\t\t\t<div class=\"link-box\"><a href=\"#\"><\/a><\/div>\n\t\t\t\t\t\t\t\t<\/div>\n\t\t\t\t\t\t\t<\/div>\n\t\t\t\t\t\t<\/div>\n\t\t\t\t\t                <\/div>\n            <\/div>\n        <\/div>\n    <\/section>\n    <!--End Feautes Section -->\n\n\t\t\t\t\t\t<\/div>\n\t\t\t\t<\/div>\n\t\t\t\t<div class=\"elementor-element elementor-element-cca35b3 elementor-widget elementor-widget-kingstrox_service_two\" data-id=\"cca35b3\" data-element_type=\"widget\" data-widget_type=\"kingstrox_service_two.default\">\n\t\t\t\t<div class=\"elementor-widget-container\">\n\t\t\t\t\t        \t\n\n\t\n\t <script>\n jQuery(document).ready(function($)\n {\n\n\/\/put the js code under this line \n\n\/\/ Services Carousel\n\tif ($(\".services-carousel\").length) {\n\t\t$(\".services-carousel\").owlCarousel({\n\t\t\tloop:true,\n\t\t\tmargin:0,\n\t\t\tnav:true,\n\t\t\tsmartSpeed: 500,\n\t\t\tautoplay: true,\n\t\t\tresponsive:{\n\t\t\t\t0:{\n\t\t\t\t\titems:1\n\t\t\t\t},\n\t\t\t\t600:{\n\t\t\t\t\titems:2\n\t\t\t\t},\n\t\t\t\t1024:{\n\t\t\t\t\titems:3\n\t\t\t\t}\n\t\t\t}\n\t\t});    \t\t\n\t}\n\n\t\n\n\n\/\/put the code above the line \n\n  });\n<\/script>\t<!-- Services Section -->\n\t<section class=\"services-section-two\">\n        <div class=\"auto-container\">\n            <div class=\"sec-title text-center\">\n                <span class=\"title\">\n\u00bfQu\u00e9 hacemos?<\/span>\n                <h2>Nuestros servicios<\/h2>\n            <\/div>\n\n            <!-- Services Carousel -->\n            <div class=\"services-carousel owl-carousel owl-theme\">\n                <!-- Service Block -->\n\t\t\t\t\t\t\t\t\t<div class=\"service-block-two\">\n\t\t\t\t\t\t<div class=\"inner-box\">\n\t\t\t\t\t\t\t<div class=\"image-box\">\n\t\t\t\t\t\t\t\t<figure class=\"image\">\n\t\t\t\t\t\t\t\t\t<a href=\"#\">\n\t\t\t\t\t\t\t\t\t\t\t\t\t\t\t\t\t\t\t\t\t<img decoding=\"async\" src=\"https:\/\/rtimantenimiento.com\/wp-content\/uploads\/2025\/12\/PHOTO-2025-10-03-14-56-32.jpg\" alt=\"\">\n\t\t\t\t\t\t\t\t\t\t\t\t\t\t\t\t\t\t\t\t<\/a>\n\t\t\t\t\t\t\t\t<\/figure>\n\t\t\t\t\t\t\t<\/div>\n\t\t\t\t\t\t\t<div class=\"lower-content\">\n\t\t\t\t\t\t\t\t<h3><a href=\"#\">Fabricaci\u00f3n \ny <br> Mecanizado<\/a><\/h3>\n\t\t\t\t\t\t\t\t<div class=\"text\">\u2022 Fabricaci\u00f3n de piezas industriales y mecanizados en general, incluyendo servicio de torno port\u00e1til en campo.<br> \n<br> \n\n\u2022 Reconstrucci\u00f3n de maquinaria agr\u00edcola e industrial.<\/div>\n\t\t\t\t\t\t\t\t<div class=\"link-box\"><a href=\"#\"><\/a><\/div>\n\t\t\t\t\t\t\t<\/div>\n\t\t\t\t\t\t<\/div>\n\t\t\t\t\t<\/div>\n\t\t\t\t\t\t\t\t\t<div class=\"service-block-two\">\n\t\t\t\t\t\t<div class=\"inner-box\">\n\t\t\t\t\t\t\t<div class=\"image-box\">\n\t\t\t\t\t\t\t\t<figure class=\"image\">\n\t\t\t\t\t\t\t\t\t<a href=\"#\">\n\t\t\t\t\t\t\t\t\t\t\t\t\t\t\t\t\t\t\t\t\t<img decoding=\"async\" src=\"https:\/\/rtimantenimiento.com\/wp-content\/uploads\/2025\/12\/1000058217.jpg\" alt=\"\">\n\t\t\t\t\t\t\t\t\t\t\t\t\t\t\t\t\t\t\t\t<\/a>\n\t\t\t\t\t\t\t\t<\/figure>\n\t\t\t\t\t\t\t<\/div>\n\t\t\t\t\t\t\t<div class=\"lower-content\">\n\t\t\t\t\t\t\t\t<h3><a href=\"#\">Mantenimiento<br> El\u00e9ctrico<\/a><\/h3>\n\t\t\t\t\t\t\t\t<div class=\"text\">\u2022 Reconstrucci\u00f3n de maquinaria agr\u00edcola e industrial.\nInspecci\u00f3n t\u00e9cnica de sistemas conforme a RETIE y NFPA 70E, y diagn\u00f3stico termogr\u00e1fico.\n<br> <br> \n\n\u2022 Mantenimiento preventivo de tableros, transformadores y motores, con an\u00e1lisis de calidad de energ\u00eda.\n<br> <br> \n\n\u2022 Correcci\u00f3n de fallas, optimizaci\u00f3n de cargas y entrega de informes t\u00e9cnicos detallados.<\/div>\n\t\t\t\t\t\t\t\t<div class=\"link-box\"><a href=\"#\"><\/a><\/div>\n\t\t\t\t\t\t\t<\/div>\n\t\t\t\t\t\t<\/div>\n\t\t\t\t\t<\/div>\n\t\t\t\t\t\t\t\t\t<div class=\"service-block-two\">\n\t\t\t\t\t\t<div class=\"inner-box\">\n\t\t\t\t\t\t\t<div class=\"image-box\">\n\t\t\t\t\t\t\t\t<figure class=\"image\">\n\t\t\t\t\t\t\t\t\t<a href=\"#\">\n\t\t\t\t\t\t\t\t\t\t\t\t\t\t\t\t\t\t\t\t\t<img decoding=\"async\" src=\"https:\/\/rtimantenimiento.com\/wp-content\/uploads\/2025\/12\/PHOTO-2025-10-03-13-52-48.jpg\" alt=\"\">\n\t\t\t\t\t\t\t\t\t\t\t\t\t\t\t\t\t\t\t\t<\/a>\n\t\t\t\t\t\t\t\t<\/figure>\n\t\t\t\t\t\t\t<\/div>\n\t\t\t\t\t\t\t<div class=\"lower-content\">\n\t\t\t\t\t\t\t\t<h3><a href=\"#\">Montajes Industriales y <br> Log\u00edstica<\/a><\/h3>\n\t\t\t\t\t\t\t\t<div class=\"text\">\u2022 Montaje de equipos industriales (motores, bombas), estructuras met\u00e1licas y redes el\u00e9ctricas de baja y media tensi\u00f3n.<br> <br> \n\n\u2022 Integraci\u00f3n de sistemas de automatizaci\u00f3n y puesta en marcha, con supervisi\u00f3n t\u00e9cnica.<br> <br> \n\n\u2022 Planeaci\u00f3n estrat\u00e9gica, coordinaci\u00f3n log\u00edstica y ejecuci\u00f3n de mantenimientos mayores y paradas de planta.<\/div>\n\t\t\t\t\t\t\t\t<div class=\"link-box\"><a href=\"#\"><\/a><\/div>\n\t\t\t\t\t\t\t<\/div>\n\t\t\t\t\t\t<\/div>\n\t\t\t\t\t<\/div>\n\t\t\t\t\t\t\t\t\t<div class=\"service-block-two\">\n\t\t\t\t\t\t<div class=\"inner-box\">\n\t\t\t\t\t\t\t<div class=\"image-box\">\n\t\t\t\t\t\t\t\t<figure class=\"image\">\n\t\t\t\t\t\t\t\t\t<a href=\"#\">\n\t\t\t\t\t\t\t\t\t\t\t\t\t\t\t\t\t\t\t\t\t<img decoding=\"async\" src=\"https:\/\/rtimantenimiento.com\/wp-content\/uploads\/2025\/12\/PHOTO-2025-10-03-14-56-30_26.jpg\" alt=\"\">\n\t\t\t\t\t\t\t\t\t\t\t\t\t\t\t\t\t\t\t\t<\/a>\n\t\t\t\t\t\t\t\t<\/figure>\n\t\t\t\t\t\t\t<\/div>\n\t\t\t\t\t\t\t<div class=\"lower-content\">\n\t\t\t\t\t\t\t\t<h3><a href=\"#\">Mantenimiento <br> Industrial<\/a><\/h3>\n\t\t\t\t\t\t\t\t<div class=\"text\">\u2022 Mantenimiento predictivo, preventivo y correctivo de maquinaria, sistemas el\u00e9ctricos, hidr\u00e1ulicos y neum\u00e1ticos.<br> <br> \n\n\u2022 Diagn\u00f3stico de fallas mediante an\u00e1lisis de vibraciones y pruebas funcionales.<br> <br> \n\n\u2022 Gesti\u00f3n documental completa (trazabilidad) y asesor\u00eda t\u00e9cnica para la mejora continua.<\/div>\n\t\t\t\t\t\t\t\t<div class=\"link-box\"><a href=\"#\"><\/a><\/div>\n\t\t\t\t\t\t\t<\/div>\n\t\t\t\t\t\t<\/div>\n\t\t\t\t\t<\/div>\n\t\t\t\t\t\t\t\t\t<div class=\"service-block-two\">\n\t\t\t\t\t\t<div class=\"inner-box\">\n\t\t\t\t\t\t\t<div class=\"image-box\">\n\t\t\t\t\t\t\t\t<figure class=\"image\">\n\t\t\t\t\t\t\t\t\t<a href=\"#\">\n\t\t\t\t\t\t\t\t\t\t\t\t\t\t\t\t\t\t\t\t\t<img decoding=\"async\" src=\"https:\/\/rtimantenimiento.com\/wp-content\/uploads\/2025\/12\/1000058337.jpg\" alt=\"\">\n\t\t\t\t\t\t\t\t\t\t\t\t\t\t\t\t\t\t\t\t<\/a>\n\t\t\t\t\t\t\t\t<\/figure>\n\t\t\t\t\t\t\t<\/div>\n\t\t\t\t\t\t\t<div class=\"lower-content\">\n\t\t\t\t\t\t\t\t<h3><a href=\"#\">Alquiler de equipos\ny <br> Suministro de Personal<\/a><\/h3>\n\t\t\t\t\t\t\t\t<div class=\"text\">\u2022 Alquiler y montaje de andamios certificados conforme a normativas vigentes, maquinaria y herramientas industriales.\n<br> <br> \n\u2022 Provisi\u00f3n de personal t\u00e9cnico calificado para proyectos industriales, mantenimiento y operaci\u00f3n.\n<br> <br> \n\n\u2022 Reconstrucci\u00f3n de maquinaria agr\u00edcola e industrial.<\/div>\n\t\t\t\t\t\t\t\t<div class=\"link-box\"><a href=\"#\"><\/a><\/div>\n\t\t\t\t\t\t\t<\/div>\n\t\t\t\t\t\t<\/div>\n\t\t\t\t\t<\/div>\n\t\t\t\t            <\/div>\n        <\/div>\n    <\/section>\n    <!--End Services Section -->\n\n\t\t\t\t\t\t<\/div>\n\t\t\t\t<\/div>\n\t\t\t\t\t<\/div>\n\t\t<\/div>\n\t\t\t\t\t<\/div>\n\t\t<\/section>\n\t\t<div class=\"elementor-element elementor-element-28dd247 e-flex e-con-boxed e-con e-parent\" data-id=\"28dd247\" data-element_type=\"container\">\n\t\t\t\t\t<div class=\"e-con-inner\">\n\t\t\t\t<div class=\"elementor-element elementor-element-7f58c1d elementor-arrows-position-inside elementor-pagination-position-outside elementor-widget elementor-widget-image-carousel\" data-id=\"7f58c1d\" data-element_type=\"widget\" data-settings=\"{&quot;slides_to_show&quot;:&quot;5&quot;,&quot;navigation&quot;:&quot;both&quot;,&quot;autoplay&quot;:&quot;yes&quot;,&quot;pause_on_hover&quot;:&quot;yes&quot;,&quot;pause_on_interaction&quot;:&quot;yes&quot;,&quot;autoplay_speed&quot;:5000,&quot;infinite&quot;:&quot;yes&quot;,&quot;speed&quot;:500}\" data-widget_type=\"image-carousel.default\">\n\t\t\t\t\t\t\t<div class=\"elementor-image-carousel-wrapper swiper\" role=\"region\" aria-roledescription=\"carousel\" aria-label=\"Image Carousel\" dir=\"ltr\">\n\t\t\t<div class=\"elementor-image-carousel swiper-wrapper\" aria-live=\"off\">\n\t\t\t\t\t\t\t\t<div class=\"swiper-slide\" role=\"group\" aria-roledescription=\"slide\" aria-label=\"1 of 9\"><figure class=\"swiper-slide-inner\"><img decoding=\"async\" class=\"swiper-slide-image\" src=\"https:\/\/rtimantenimiento.com\/wp-content\/uploads\/2025\/12\/9.png\" alt=\"9\" \/><\/figure><\/div><div class=\"swiper-slide\" role=\"group\" aria-roledescription=\"slide\" aria-label=\"2 of 9\"><figure class=\"swiper-slide-inner\"><img decoding=\"async\" class=\"swiper-slide-image\" src=\"https:\/\/rtimantenimiento.com\/wp-content\/uploads\/2025\/12\/8.png\" alt=\"8\" \/><\/figure><\/div><div class=\"swiper-slide\" role=\"group\" aria-roledescription=\"slide\" aria-label=\"3 of 9\"><figure class=\"swiper-slide-inner\"><img decoding=\"async\" class=\"swiper-slide-image\" src=\"https:\/\/rtimantenimiento.com\/wp-content\/uploads\/2025\/12\/7.png\" alt=\"7\" \/><\/figure><\/div><div class=\"swiper-slide\" role=\"group\" aria-roledescription=\"slide\" aria-label=\"4 of 9\"><figure class=\"swiper-slide-inner\"><img decoding=\"async\" class=\"swiper-slide-image\" src=\"https:\/\/rtimantenimiento.com\/wp-content\/uploads\/2025\/12\/6.png\" alt=\"6\" \/><\/figure><\/div><div class=\"swiper-slide\" role=\"group\" aria-roledescription=\"slide\" aria-label=\"5 of 9\"><figure class=\"swiper-slide-inner\"><img decoding=\"async\" class=\"swiper-slide-image\" src=\"https:\/\/rtimantenimiento.com\/wp-content\/uploads\/2025\/12\/5.png\" alt=\"5\" \/><\/figure><\/div><div class=\"swiper-slide\" role=\"group\" aria-roledescription=\"slide\" aria-label=\"6 of 9\"><figure class=\"swiper-slide-inner\"><img decoding=\"async\" class=\"swiper-slide-image\" src=\"https:\/\/rtimantenimiento.com\/wp-content\/uploads\/2025\/12\/4.png\" alt=\"4\" \/><\/figure><\/div><div class=\"swiper-slide\" role=\"group\" aria-roledescription=\"slide\" aria-label=\"7 of 9\"><figure class=\"swiper-slide-inner\"><img decoding=\"async\" class=\"swiper-slide-image\" src=\"https:\/\/rtimantenimiento.com\/wp-content\/uploads\/2025\/12\/3.png\" alt=\"3\" \/><\/figure><\/div><div class=\"swiper-slide\" role=\"group\" aria-roledescription=\"slide\" aria-label=\"8 of 9\"><figure class=\"swiper-slide-inner\"><img decoding=\"async\" class=\"swiper-slide-image\" src=\"https:\/\/rtimantenimiento.com\/wp-content\/uploads\/2025\/12\/2.png\" alt=\"2\" \/><\/figure><\/div><div class=\"swiper-slide\" role=\"group\" aria-roledescription=\"slide\" aria-label=\"9 of 9\"><figure class=\"swiper-slide-inner\"><img decoding=\"async\" class=\"swiper-slide-image\" src=\"https:\/\/rtimantenimiento.com\/wp-content\/uploads\/2025\/12\/1.png\" alt=\"1\" \/><\/figure><\/div>\t\t\t<\/div>\n\t\t\t\t\t\t\t\t\t\t\t\t<div class=\"elementor-swiper-button elementor-swiper-button-prev\" role=\"button\" tabindex=\"0\">\n\t\t\t\t\t\t<svg aria-hidden=\"true\" class=\"e-font-icon-svg e-eicon-chevron-left\" viewBox=\"0 0 1000 1000\" xmlns=\"http:\/\/www.w3.org\/2000\/svg\"><path d=\"M646 125C629 125 613 133 604 142L308 442C296 454 292 471 292 487 292 504 296 521 308 533L604 854C617 867 629 875 646 875 663 875 679 871 692 858 704 846 713 829 713 812 713 796 708 779 692 767L438 487 692 225C700 217 708 204 708 187 708 171 704 154 692 142 675 129 663 125 646 125Z\"><\/path><\/svg>\t\t\t\t\t<\/div>\n\t\t\t\t\t<div class=\"elementor-swiper-button elementor-swiper-button-next\" role=\"button\" tabindex=\"0\">\n\t\t\t\t\t\t<svg aria-hidden=\"true\" class=\"e-font-icon-svg e-eicon-chevron-right\" viewBox=\"0 0 1000 1000\" xmlns=\"http:\/\/www.w3.org\/2000\/svg\"><path d=\"M696 533C708 521 713 504 713 487 713 471 708 454 696 446L400 146C388 133 375 125 354 125 338 125 325 129 313 142 300 154 292 171 292 187 292 204 296 221 308 233L563 492 304 771C292 783 288 800 288 817 288 833 296 850 308 863 321 871 338 875 354 875 371 875 388 867 400 854L696 533Z\"><\/path><\/svg>\t\t\t\t\t<\/div>\n\t\t\t\t\n\t\t\t\t\t\t\t\t\t<div class=\"swiper-pagination\"><\/div>\n\t\t\t\t\t\t\t\t\t<\/div>\n\t\t\t\t\t\t<\/div>\n\t\t\t\t\t<\/div>\n\t\t\t\t<\/div>\n\t\t<div class=\"elementor-element elementor-element-8edb256 e-flex e-con-boxed e-con e-parent\" data-id=\"8edb256\" data-element_type=\"container\">\n\t\t\t\t\t<div class=\"e-con-inner\">\n\t\t\t\t<div class=\"elementor-element elementor-element-7f2c403 elementor-widget__width-inherit elementor-widget elementor-widget-heading\" data-id=\"7f2c403\" data-element_type=\"widget\" data-widget_type=\"heading.default\">\n\t\t\t\t\t<h3 class=\"elementor-heading-title elementor-size-default\"><a href=\"\/wp-content\/uploads\/2025\/12\/Portafolio-de-Servicios.pdf\">Descargue aqu\u00ed nuestro portafolio de servicios<\/a><\/h3>\t\t\t\t<\/div>\n\t\t\t\t\t<\/div>\n\t\t\t\t<\/div>\n\t\t\t\t<\/div>\n\t\t","protected":false},"excerpt":{"rendered":"<p>Soluciones Integrales para el Sector Industrial Calidad, seguridad y cumplimiento normativo en cada uno de sus proyectos. Cont\u00e1ctenos Mantenimiento Industrial y El\u00e9ctrico Certificado Diagn\u00f3stico predictivo, inspecciones RETIE\/NFPA y optimizaci\u00f3n de procesos para garantizar la continuidad operativa. Cont\u00e1ctenos Montajes Industriales Fabricaci\u00f3n y Mecanizado Desde la fabricaci\u00f3n de piezas y estructuras met\u00e1licas hasta la automatizaci\u00f3n y puesta [&hellip;]<\/p>\n","protected":false},"author":1,"featured_media":0,"parent":0,"menu_order":0,"comment_status":"closed","ping_status":"closed","template":"elementor_header_footer","meta":{"footnotes":""},"class_list":["post-707","page","type-page","status-publish","hentry"],"_links":{"self":[{"href":"https:\/\/rtimantenimiento.com\/index.php\/wp-json\/wp\/v2\/pages\/707","targetHints":{"allow":["GET"]}}],"collection":[{"href":"https:\/\/rtimantenimiento.com\/index.php\/wp-json\/wp\/v2\/pages"}],"about":[{"href":"https:\/\/rtimantenimiento.com\/index.php\/wp-json\/wp\/v2\/types\/page"}],"author":[{"embeddable":true,"href":"https:\/\/rtimantenimiento.com\/index.php\/wp-json\/wp\/v2\/users\/1"}],"replies":[{"embeddable":true,"href":"https:\/\/rtimantenimiento.com\/index.php\/wp-json\/wp\/v2\/comments?post=707"}],"version-history":[{"count":44,"href":"https:\/\/rtimantenimiento.com\/index.php\/wp-json\/wp\/v2\/pages\/707\/revisions"}],"predecessor-version":[{"id":4189,"href":"https:\/\/rtimantenimiento.com\/index.php\/wp-json\/wp\/v2\/pages\/707\/revisions\/4189"}],"wp:attachment":[{"href":"https:\/\/rtimantenimiento.com\/index.php\/wp-json\/wp\/v2\/media?parent=707"}],"curies":[{"name":"wp","href":"https:\/\/api.w.org\/{rel}","templated":true}]}}