{"id":3964,"date":"2023-01-28T09:40:56","date_gmt":"2023-01-28T09:40:56","guid":{"rendered":"https:\/\/finestwp.com\/kingstrox\/?page_id=3964"},"modified":"2025-12-07T07:28:58","modified_gmt":"2025-12-07T07:28:58","slug":"servicios","status":"publish","type":"page","link":"https:\/\/rtimantenimiento.com\/index.php\/servicios\/","title":{"rendered":"Servicios"},"content":{"rendered":"\t\t<div data-elementor-type=\"wp-page\" data-elementor-id=\"3964\" class=\"elementor elementor-3964\">\n\t\t\t\t\t\t<section class=\"elementor-section elementor-top-section elementor-element elementor-element-380dfc2 elementor-section-full_width elementor-section-content-middle elementor-section-height-default elementor-section-height-default\" data-id=\"380dfc2\" data-element_type=\"section\" data-settings=\"{&quot;background_background&quot;:&quot;classic&quot;}\">\n\t\t\t\t\t\t\t<div class=\"elementor-background-overlay\"><\/div>\n\t\t\t\t\t\t\t<div class=\"elementor-container elementor-column-gap-no\">\n\t\t\t\t\t<div class=\"elementor-column elementor-col-100 elementor-top-column elementor-element elementor-element-7891015\" data-id=\"7891015\" data-element_type=\"column\">\n\t\t\t<div class=\"elementor-widget-wrap\">\n\t\t\t\t\t\t\t<\/div>\n\t\t<\/div>\n\t\t\t\t\t<\/div>\n\t\t<\/section>\n\t\t<div class=\"elementor-element elementor-element-13ee810 e-flex e-con-boxed e-con e-parent\" data-id=\"13ee810\" data-element_type=\"container\">\n\t\t\t\t\t<div class=\"e-con-inner\">\n\t\t\t\t<div class=\"elementor-element elementor-element-6074b1d elementor-widget elementor-widget-spacer\" data-id=\"6074b1d\" data-element_type=\"widget\" data-widget_type=\"spacer.default\">\n\t\t\t\t\t\t\t<div class=\"elementor-spacer\">\n\t\t\t<div class=\"elementor-spacer-inner\"><\/div>\n\t\t<\/div>\n\t\t\t\t\t\t<\/div>\n\t\t\t\t\t<\/div>\n\t\t\t\t<\/div>\n\t\t<div class=\"elementor-element elementor-element-a3e6811 e-flex e-con-boxed e-con e-parent\" data-id=\"a3e6811\" data-element_type=\"container\">\n\t\t\t\t\t<div class=\"e-con-inner\">\n\t\t\t\t<div class=\"elementor-element elementor-element-b58d47a elementor-widget elementor-widget-heading\" data-id=\"b58d47a\" data-element_type=\"widget\" data-widget_type=\"heading.default\">\n\t\t\t\t\t<h2 class=\"elementor-heading-title elementor-size-default\">Nuestros Servicios<\/h2>\t\t\t\t<\/div>\n\t\t\t\t\t<\/div>\n\t\t\t\t<\/div>\n\t\t<div class=\"elementor-element elementor-element-778c7e2 e-flex e-con-boxed e-con e-parent\" data-id=\"778c7e2\" data-element_type=\"container\">\n\t\t\t\t\t<div class=\"e-con-inner\">\n\t\t\t\t<div class=\"elementor-element elementor-element-53ed782 elementor-widget elementor-widget-text-editor\" data-id=\"53ed782\" data-element_type=\"widget\" data-widget_type=\"text-editor.default\">\n\t\t\t\t\t\t\t\t\t<p><b>RECURSOS T\u00c9CNICOS INDUSTRIALES LTDA.<\/b><span style=\"font-weight: 400;\"> ofrece soluciones integrales para el sector industrial, enfocadas en calidad, seguridad y cumplimiento normativo. Nuestro portafolio incluye:<\/span><\/p><p><b>Alquiler y Montaje de Equipos<\/b><\/p><p><span style=\"font-weight: 400;\">\u2022Alquiler de maquinaria y herramientas industriales.<\/span><\/p><p><span style=\"font-weight: 400;\">\u2022Alquiler y montaje de andamios certificados conforme a normativas vigentes.<\/span><\/p><p><b>Fabricaci\u00f3n y Mecanizado<\/b><\/p><p><span style=\"font-weight: 400;\">\u2022Fabricaci\u00f3n de piezas industriales.<\/span><\/p><p><span style=\"font-weight: 400;\">\u2022Mecanizados en general, incluyendo servicio de torno port\u00e1til en campo.<\/span><\/p><p><span style=\"font-weight: 400;\">\u2022Reconstrucci\u00f3n de maquinaria agr\u00edcola e industrial.<\/span><\/p><p><b>Mantenimiento Industrial<\/b><\/p><p><span style=\"font-weight: 400;\">\u2022Mantenimiento y reparaci\u00f3n de piezas y equipos industriales<\/span><\/p><p><span style=\"font-weight: 400;\">\u2022Mantenimiento predictivo, preventivo y correctivo de maquinaria, sistemas el\u00e9ctricos, hidr\u00e1ulicos y neum\u00e1ticos.<\/span><\/p><p><span style=\"font-weight: 400;\">\u2022Diagn\u00f3stico de fallas mediante an\u00e1lisis de vibraciones, termograf\u00eda y pruebas funcionales.<\/span><\/p><p><span style=\"font-weight: 400;\">\u2022Gesti\u00f3n documental: registros de mantenimiento, informes t\u00e9cnicos, cronogramas y trazabilidad.<\/span><\/p><p><span style=\"font-weight: 400;\">\u2022Asesor\u00eda t\u00e9cnica para optimizaci\u00f3n de procesos y mejora continua.<\/span><\/p><p><b>Mantenimiento El\u00e9ctrico<\/b><\/p><p><span style=\"font-weight: 400;\">\u2022Inspecci\u00f3n t\u00e9cnica de sistemas el\u00e9ctricos conforme a RETIE y NFPA 70E.<\/span><\/p><p><span style=\"font-weight: 400;\">\u2022Mantenimiento preventivo de tableros, transformadores, motores, luminarias y sistemas de respaldo.<\/span><\/p><p><span style=\"font-weight: 400;\">\u2022Diagn\u00f3stico termogr\u00e1fico.<\/span><\/p><p><span style=\"font-weight: 400;\">\u2022An\u00e1lisis de calidad de energ\u00eda.<\/span><\/p><p><span style=\"font-weight: 400;\">\u2022Correcci\u00f3n de fallas y optimizaci\u00f3n de cargas.<\/span><\/p><p><span style=\"font-weight: 400;\">\u2022Documentaci\u00f3n t\u00e9cnica y entrega de informes detallados.<\/span><\/p><p><b>Montajes Industriales<\/b><\/p><p><span style=\"font-weight: 400;\">\u2022Montaje de equipos industriales: motores, bombas, compresores, tableros el\u00e9ctricos, sistemas de ventilaci\u00f3n y climatizaci\u00f3n.<\/span><\/p><p><span style=\"font-weight: 400;\">\u2022Instalaci\u00f3n de redes el\u00e9ctricas de baja y media tensi\u00f3n conforme a RETIE y NFPA 70E.<\/span><\/p><p><span style=\"font-weight: 400;\">\u2022Montaje de estructuras met\u00e1licas, soportes t\u00e9cnicos y canalizaciones industriales.<\/span><\/p><p><span style=\"font-weight: 400;\">\u2022Integraci\u00f3n de sistemas: automatizaci\u00f3n, control, instrumentaci\u00f3n y puesta en marcha.<\/span><\/p><p><span style=\"font-weight: 400;\">\u2022Supervisi\u00f3n t\u00e9cnica y gesti\u00f3n documental del proyecto.<\/span><\/p><p><b>Planeaci\u00f3n y Log\u00edstica<\/b><\/p><p><span style=\"font-weight: 400;\">\u2022Planeaci\u00f3n estrat\u00e9gica y ejecuci\u00f3n de mantenimientos mayores y paradas de planta.<\/span><\/p><p><span style=\"font-weight: 400;\">\u2022Coordinaci\u00f3n log\u00edstica de servicios de mantenimiento y montaje.<\/span><\/p><p><b>Suministro de Personal<\/b><\/p><p><span style=\"font-weight: 400;\">\u2022Provisi\u00f3n de personal t\u00e9cnico calificado para proyectos industriales, mantenimiento y operaci\u00f3n.<\/span><\/p>\t\t\t\t\t\t\t\t<\/div>\n\t\t\t\t<div class=\"elementor-element elementor-element-7636a50 elementor-pagination-position-outside elementor-widget elementor-widget-image-carousel\" data-id=\"7636a50\" data-element_type=\"widget\" data-settings=\"{&quot;navigation&quot;:&quot;dots&quot;,&quot;autoplay&quot;:&quot;yes&quot;,&quot;pause_on_hover&quot;:&quot;yes&quot;,&quot;pause_on_interaction&quot;:&quot;yes&quot;,&quot;autoplay_speed&quot;:5000,&quot;infinite&quot;:&quot;yes&quot;,&quot;speed&quot;:500}\" data-widget_type=\"image-carousel.default\">\n\t\t\t\t\t\t\t<div class=\"elementor-image-carousel-wrapper swiper\" role=\"region\" aria-roledescription=\"carousel\" aria-label=\"Image Carousel\" dir=\"ltr\">\n\t\t\t<div class=\"elementor-image-carousel swiper-wrapper\" aria-live=\"off\">\n\t\t\t\t\t\t\t\t<div class=\"swiper-slide\" role=\"group\" aria-roledescription=\"slide\" aria-label=\"1 of 5\"><figure class=\"swiper-slide-inner\"><img decoding=\"async\" class=\"swiper-slide-image\" src=\"https:\/\/rtimantenimiento.com\/wp-content\/uploads\/2025\/12\/image008-300x197.jpg\" alt=\"image008\" \/><\/figure><\/div><div class=\"swiper-slide\" role=\"group\" aria-roledescription=\"slide\" aria-label=\"2 of 5\"><figure class=\"swiper-slide-inner\"><img decoding=\"async\" class=\"swiper-slide-image\" src=\"https:\/\/rtimantenimiento.com\/wp-content\/uploads\/2025\/12\/image009-300x199.jpg\" alt=\"image009\" \/><\/figure><\/div><div class=\"swiper-slide\" role=\"group\" aria-roledescription=\"slide\" aria-label=\"3 of 5\"><figure class=\"swiper-slide-inner\"><img decoding=\"async\" class=\"swiper-slide-image\" src=\"https:\/\/rtimantenimiento.com\/wp-content\/uploads\/2025\/12\/image003-1-175x300.jpg\" alt=\"image003\" \/><\/figure><\/div><div class=\"swiper-slide\" role=\"group\" aria-roledescription=\"slide\" aria-label=\"4 of 5\"><figure class=\"swiper-slide-inner\"><img decoding=\"async\" class=\"swiper-slide-image\" src=\"https:\/\/rtimantenimiento.com\/wp-content\/uploads\/2025\/12\/image012-164x300.jpg\" alt=\"image012\" \/><\/figure><\/div><div class=\"swiper-slide\" role=\"group\" aria-roledescription=\"slide\" aria-label=\"5 of 5\"><figure class=\"swiper-slide-inner\"><img decoding=\"async\" class=\"swiper-slide-image\" src=\"https:\/\/rtimantenimiento.com\/wp-content\/uploads\/2025\/12\/image006-139x300.jpg\" alt=\"image006\" \/><\/figure><\/div>\t\t\t<\/div>\n\t\t\t\t\t\t\t\n\t\t\t\t\t\t\t\t\t<div class=\"swiper-pagination\"><\/div>\n\t\t\t\t\t\t\t\t\t<\/div>\n\t\t\t\t\t\t<\/div>\n\t\t\t\t\t<\/div>\n\t\t\t\t<\/div>\n\t\t\t\t<section class=\"elementor-section elementor-top-section elementor-element elementor-element-f8fcddf elementor-section-full_width elementor-section-content-middle elementor-section-height-default elementor-section-height-default\" data-id=\"f8fcddf\" data-element_type=\"section\" data-settings=\"{&quot;background_background&quot;:&quot;classic&quot;}\">\n\t\t\t\t\t\t\t<div class=\"elementor-background-overlay\"><\/div>\n\t\t\t\t\t\t\t<div class=\"elementor-container elementor-column-gap-no\">\n\t\t\t\t\t<div class=\"elementor-column elementor-col-100 elementor-top-column elementor-element elementor-element-512e696\" data-id=\"512e696\" data-element_type=\"column\">\n\t\t\t<div class=\"elementor-widget-wrap\">\n\t\t\t\t\t\t\t<\/div>\n\t\t<\/div>\n\t\t\t\t\t<\/div>\n\t\t<\/section>\n\t\t\t\t<\/div>\n\t\t","protected":false},"excerpt":{"rendered":"<p>Nuestros Servicios RECURSOS T\u00c9CNICOS INDUSTRIALES LTDA. ofrece soluciones integrales para el sector industrial, enfocadas en calidad, seguridad y cumplimiento normativo. Nuestro portafolio incluye: Alquiler y Montaje de Equipos \u2022Alquiler de maquinaria y herramientas industriales. \u2022Alquiler y montaje de andamios certificados conforme a normativas vigentes. Fabricaci\u00f3n y Mecanizado \u2022Fabricaci\u00f3n de piezas industriales. \u2022Mecanizados en general, incluyendo [&hellip;]<\/p>\n","protected":false},"author":1,"featured_media":0,"parent":0,"menu_order":0,"comment_status":"closed","ping_status":"closed","template":"tpl-default-elementor.php","meta":{"footnotes":""},"class_list":["post-3964","page","type-page","status-publish","hentry"],"_links":{"self":[{"href":"https:\/\/rtimantenimiento.com\/index.php\/wp-json\/wp\/v2\/pages\/3964","targetHints":{"allow":["GET"]}}],"collection":[{"href":"https:\/\/rtimantenimiento.com\/index.php\/wp-json\/wp\/v2\/pages"}],"about":[{"href":"https:\/\/rtimantenimiento.com\/index.php\/wp-json\/wp\/v2\/types\/page"}],"author":[{"embeddable":true,"href":"https:\/\/rtimantenimiento.com\/index.php\/wp-json\/wp\/v2\/users\/1"}],"replies":[{"embeddable":true,"href":"https:\/\/rtimantenimiento.com\/index.php\/wp-json\/wp\/v2\/comments?post=3964"}],"version-history":[{"count":8,"href":"https:\/\/rtimantenimiento.com\/index.php\/wp-json\/wp\/v2\/pages\/3964\/revisions"}],"predecessor-version":[{"id":4150,"href":"https:\/\/rtimantenimiento.com\/index.php\/wp-json\/wp\/v2\/pages\/3964\/revisions\/4150"}],"wp:attachment":[{"href":"https:\/\/rtimantenimiento.com\/index.php\/wp-json\/wp\/v2\/media?parent=3964"}],"curies":[{"name":"wp","href":"https:\/\/api.w.org\/{rel}","templated":true}]}}