{"id":1898,"date":"2023-01-19T06:47:15","date_gmt":"2023-01-19T06:47:15","guid":{"rendered":"http:\/\/finestwp.com\/kingstrox\/?page_id=1898"},"modified":"2025-12-15T18:15:21","modified_gmt":"2025-12-15T18:15:21","slug":"contacto","status":"publish","type":"page","link":"https:\/\/rtimantenimiento.com\/index.php\/contacto\/","title":{"rendered":"Contacto"},"content":{"rendered":"\t\t<div data-elementor-type=\"wp-page\" data-elementor-id=\"1898\" class=\"elementor elementor-1898\">\n\t\t\t\t\t\t<section class=\"elementor-section elementor-top-section elementor-element elementor-element-c6378ef elementor-section-boxed elementor-section-height-default elementor-section-height-default\" data-id=\"c6378ef\" data-element_type=\"section\" data-settings=\"{&quot;background_background&quot;:&quot;classic&quot;}\">\n\t\t\t\t\t\t<div class=\"elementor-container elementor-column-gap-no\">\n\t\t\t\t\t<div class=\"elementor-column elementor-col-100 elementor-top-column elementor-element elementor-element-1966038\" data-id=\"1966038\" data-element_type=\"column\">\n\t\t\t<div class=\"elementor-widget-wrap elementor-element-populated\">\n\t\t\t\t\t\t<div class=\"elementor-element elementor-element-512835c elementor-widget elementor-widget-heading\" data-id=\"512835c\" data-element_type=\"widget\" data-widget_type=\"heading.default\">\n\t\t\t\t\t<span class=\"elementor-heading-title elementor-size-default\">RTI Mantenimiento Ltda.<\/span>\t\t\t\t<\/div>\n\t\t\t\t<div class=\"elementor-element elementor-element-b38ac5c elementor-widget elementor-widget-heading\" data-id=\"b38ac5c\" data-element_type=\"widget\" data-widget_type=\"heading.default\">\n\t\t\t\t\t<h2 class=\"elementor-heading-title elementor-size-default\">Contacto<\/h2>\t\t\t\t<\/div>\n\t\t\t\t<div class=\"elementor-element elementor-element-9a82ea8 elementor-widget-divider--view-line elementor-widget elementor-widget-divider\" data-id=\"9a82ea8\" data-element_type=\"widget\" data-widget_type=\"divider.default\">\n\t\t\t\t\t\t\t<div class=\"elementor-divider\">\n\t\t\t<span class=\"elementor-divider-separator\">\n\t\t\t\t\t\t<\/span>\n\t\t<\/div>\n\t\t\t\t\t\t<\/div>\n\t\t\t\t<div class=\"elementor-element elementor-element-955a98a elementor-widget elementor-widget-heading\" data-id=\"955a98a\" data-element_type=\"widget\" data-widget_type=\"heading.default\">\n\t\t\t\t\t<span class=\"elementor-heading-title elementor-size-default\">Pedro Silva Buitrago<\/span>\t\t\t\t<\/div>\n\t\t\t\t<section class=\"elementor-section elementor-inner-section elementor-element elementor-element-d552dc5 elementor-section-boxed elementor-section-height-default elementor-section-height-default\" data-id=\"d552dc5\" data-element_type=\"section\">\n\t\t\t\t\t\t<div class=\"elementor-container elementor-column-gap-no\">\n\t\t\t\t\t<div class=\"elementor-column elementor-col-33 elementor-inner-column elementor-element elementor-element-2fe7713\" data-id=\"2fe7713\" data-element_type=\"column\">\n\t\t\t<div class=\"elementor-widget-wrap elementor-element-populated\">\n\t\t\t\t\t\t<div class=\"elementor-element elementor-element-c125609 elementor-widget elementor-widget-heading\" data-id=\"c125609\" data-element_type=\"widget\" data-widget_type=\"heading.default\">\n\t\t\t\t\t<h6 class=\"elementor-heading-title elementor-size-default\">Ubicaci\u00f3n<\/h6>\t\t\t\t<\/div>\n\t\t\t\t<div class=\"elementor-element elementor-element-b6e52aa elementor-widget elementor-widget-heading\" data-id=\"b6e52aa\" data-element_type=\"widget\" data-widget_type=\"heading.default\">\n\t\t\t\t\t<p class=\"elementor-heading-title elementor-size-default\">Montel\u00edbano - C\u00f3rdoba - Colombia<\/p>\t\t\t\t<\/div>\n\t\t\t\t\t<\/div>\n\t\t<\/div>\n\t\t\t\t<div class=\"elementor-column elementor-col-33 elementor-inner-column elementor-element elementor-element-f695378 kingstrox\" data-id=\"f695378\" data-element_type=\"column\">\n\t\t\t<div class=\"elementor-widget-wrap elementor-element-populated\">\n\t\t\t\t\t\t<div class=\"elementor-element elementor-element-ab6dcb6 elementor-widget elementor-widget-heading\" data-id=\"ab6dcb6\" data-element_type=\"widget\" data-widget_type=\"heading.default\">\n\t\t\t\t\t<h6 class=\"elementor-heading-title elementor-size-default\">Email<\/h6>\t\t\t\t<\/div>\n\t\t\t\t<div class=\"elementor-element elementor-element-b436c7d elementor-widget elementor-widget-heading\" data-id=\"b436c7d\" data-element_type=\"widget\" data-widget_type=\"heading.default\">\n\t\t\t\t\t<span class=\"elementor-heading-title elementor-size-default\"><a href=\"mailto:gerencia@rtimantenimiento.com\">gerencia@rtimantenimiento.com<\/a><\/span>\t\t\t\t<\/div>\n\t\t\t\t<div class=\"elementor-element elementor-element-93865d9 elementor-widget elementor-widget-heading\" data-id=\"93865d9\" data-element_type=\"widget\" data-widget_type=\"heading.default\">\n\t\t\t\t\t<span class=\"elementor-heading-title elementor-size-default\"><a href=\"mailto:pedrosilva@rtimantenimiento.com\">pedrosilva@rtimantenimiento.com<\/a><\/span>\t\t\t\t<\/div>\n\t\t\t\t\t<\/div>\n\t\t<\/div>\n\t\t\t\t<div class=\"elementor-column elementor-col-33 elementor-inner-column elementor-element elementor-element-5f75758 kingstrox\" data-id=\"5f75758\" data-element_type=\"column\">\n\t\t\t<div class=\"elementor-widget-wrap elementor-element-populated\">\n\t\t\t\t\t\t<div class=\"elementor-element elementor-element-debc7d2 kingstrox elementor-widget elementor-widget-heading\" data-id=\"debc7d2\" data-element_type=\"widget\" data-widget_type=\"heading.default\">\n\t\t\t\t\t<h6 class=\"elementor-heading-title elementor-size-default\">Tel\u00e9fonos<\/h6>\t\t\t\t<\/div>\n\t\t\t\t<div class=\"elementor-element elementor-element-d9c37cb elementor-widget elementor-widget-heading\" data-id=\"d9c37cb\" data-element_type=\"widget\" data-widget_type=\"heading.default\">\n\t\t\t\t\t<span class=\"elementor-heading-title elementor-size-default\"><a href=\"tel:7623813\">7623813<\/a><\/span>\t\t\t\t<\/div>\n\t\t\t\t<div class=\"elementor-element elementor-element-4d96e20 elementor-widget elementor-widget-heading\" data-id=\"4d96e20\" data-element_type=\"widget\" data-widget_type=\"heading.default\">\n\t\t\t\t\t<span class=\"elementor-heading-title elementor-size-default\"><a href=\"tel:(+081)3256659489\">3176807785<\/a><\/span>\t\t\t\t<\/div>\n\t\t\t\t<div class=\"elementor-element elementor-element-76aeae4 elementor-widget elementor-widget-heading\" data-id=\"76aeae4\" data-element_type=\"widget\" data-widget_type=\"heading.default\">\n\t\t\t\t\t<span class=\"elementor-heading-title elementor-size-default\"><a href=\"tel:(+081)3256659489\">3168086811<\/a><\/span>\t\t\t\t<\/div>\n\t\t\t\t<div class=\"elementor-element elementor-element-75db968 elementor-widget elementor-widget-heading\" data-id=\"75db968\" data-element_type=\"widget\" data-widget_type=\"heading.default\">\n\t\t\t\t\t<span class=\"elementor-heading-title elementor-size-default\"><a href=\"tel:(+081)3256659489\">3164541612 <\/a><\/span>\t\t\t\t<\/div>\n\t\t\t\t\t<\/div>\n\t\t<\/div>\n\t\t\t\t\t<\/div>\n\t\t<\/section>\n\t\t\t\t<section class=\"elementor-section elementor-inner-section elementor-element elementor-element-2d00537 elementor-section-boxed elementor-section-height-default elementor-section-height-default\" data-id=\"2d00537\" data-element_type=\"section\" data-settings=\"{&quot;background_background&quot;:&quot;classic&quot;}\">\n\t\t\t\t\t\t<div class=\"elementor-container elementor-column-gap-no\">\n\t\t\t\t\t<div class=\"elementor-column elementor-col-100 elementor-inner-column elementor-element elementor-element-2158906\" data-id=\"2158906\" data-element_type=\"column\">\n\t\t\t<div class=\"elementor-widget-wrap elementor-element-populated\">\n\t\t\t\t\t\t<div class=\"elementor-element elementor-element-e422229 elementor-widget elementor-widget-heading\" data-id=\"e422229\" data-element_type=\"widget\" data-widget_type=\"heading.default\">\n\t\t\t\t\t<span class=\"elementor-heading-title elementor-size-default\">Diligencie este formulario para comunicarse con nosotros. Todos los datos son obligatorios.<\/span>\t\t\t\t<\/div>\n\t\t\t\t<div class=\"elementor-element elementor-element-d225300 elementor-widget elementor-widget-heading\" data-id=\"d225300\" data-element_type=\"widget\" data-widget_type=\"heading.default\">\n\t\t\t\t\t<h2 class=\"elementor-heading-title elementor-size-default\">Formulario de contacto<\/h2>\t\t\t\t<\/div>\n\t\t\t\t<div class=\"elementor-element elementor-element-2c92e02 elementor-widget-divider--view-line elementor-widget elementor-widget-divider\" data-id=\"2c92e02\" data-element_type=\"widget\" data-widget_type=\"divider.default\">\n\t\t\t\t\t\t\t<div class=\"elementor-divider\">\n\t\t\t<span class=\"elementor-divider-separator\">\n\t\t\t\t\t\t<\/span>\n\t\t<\/div>\n\t\t\t\t\t\t<\/div>\n\t\t\t\t<div class=\"elementor-element elementor-element-3661159 elementor-widget elementor-widget-shortcode\" data-id=\"3661159\" data-element_type=\"widget\" data-widget_type=\"shortcode.default\">\n\t\t\t\t\t\t\t<div class=\"elementor-shortcode\">\n<div class=\"wpcf7 no-js\" id=\"wpcf7-f1916-o1\" lang=\"en-US\" dir=\"ltr\" data-wpcf7-id=\"1916\">\n<div class=\"screen-reader-response\"><p role=\"status\" aria-live=\"polite\" aria-atomic=\"true\"><\/p> <ul><\/ul><\/div>\n<form action=\"\/index.php\/wp-json\/wp\/v2\/pages\/1898#wpcf7-f1916-o1\" method=\"post\" class=\"wpcf7-form init\" aria-label=\"Contact form\" novalidate=\"novalidate\" data-status=\"init\">\n<fieldset class=\"hidden-fields-container\"><input type=\"hidden\" name=\"_wpcf7\" value=\"1916\" \/><input type=\"hidden\" name=\"_wpcf7_version\" value=\"6.1.2\" \/><input type=\"hidden\" name=\"_wpcf7_locale\" value=\"en_US\" \/><input type=\"hidden\" name=\"_wpcf7_unit_tag\" value=\"wpcf7-f1916-o1\" \/><input type=\"hidden\" name=\"_wpcf7_container_post\" value=\"0\" \/><input type=\"hidden\" name=\"_wpcf7_posted_data_hash\" value=\"\" \/>\n<\/fieldset>\n<div class=\"outer-box\">\n\t<div class=\"contact-form dark\">\n\t\t<div method=\"post\" id=\"contact-form\">\n\t\t\t<div class=\"row\">\n\t\t\t\t<div class=\"form-group col-lg-6 col-md-6 col-sm-12\">\n\t\t\t\t\t<p><span class=\"wpcf7-form-control-wrap\" data-name=\"text-87\"><input size=\"40\" maxlength=\"400\" class=\"wpcf7-form-control wpcf7-text wpcf7-validates-as-required\" aria-required=\"true\" aria-invalid=\"false\" placeholder=\"Su nombre\" value=\"\" type=\"text\" name=\"text-87\" \/><\/span>\n\t\t\t\t\t<\/p>\n\t\t\t\t<\/div>\n\t\t\t\t<div class=\"form-group col-lg-6 col-md-6 col-sm-12\">\n\t\t\t\t\t<p><span class=\"wpcf7-form-control-wrap\" data-name=\"email-595\"><input size=\"40\" maxlength=\"400\" class=\"wpcf7-form-control wpcf7-email wpcf7-validates-as-required wpcf7-text wpcf7-validates-as-email\" aria-required=\"true\" aria-invalid=\"false\" placeholder=\"Su email\" value=\"\" type=\"email\" name=\"email-595\" \/><\/span>\n\t\t\t\t\t<\/p>\n\t\t\t\t<\/div>\n\t\t\t\t<div class=\"form-group col-lg-6 col-md-6 col-sm-12\">\n\t\t\t\t\t<p><span class=\"wpcf7-form-control-wrap\" data-name=\"tel-166\"><input size=\"40\" maxlength=\"400\" class=\"wpcf7-form-control wpcf7-tel wpcf7-validates-as-required wpcf7-text wpcf7-validates-as-tel\" aria-required=\"true\" aria-invalid=\"false\" placeholder=\"Tel\u00e9fono\" value=\"\" type=\"tel\" name=\"tel-166\" \/><\/span>\n\t\t\t\t\t<\/p>\n\t\t\t\t<\/div>\n\t\t\t\t<div class=\"form-group col-lg-12 col-md-12 col-sm-12\">\n\t\t\t\t\t<p><span class=\"wpcf7-form-control-wrap\" data-name=\"textarea-158\"><textarea cols=\"40\" rows=\"10\" maxlength=\"2000\" class=\"wpcf7-form-control wpcf7-textarea wpcf7-validates-as-required\" aria-required=\"true\" aria-invalid=\"false\" placeholder=\"Su mensaje\" name=\"textarea-158\"><\/textarea><\/span>\n\t\t\t\t\t<\/p>\n\t\t\t\t<\/div>\n\t\t\t\t<div class=\"form-group col-lg-12 col-md-12 col-sm-12\">\n\t\t\t\t\t<p><input class=\"wpcf7-form-control wpcf7-submit has-spinner theme-btn btn-style-one\" type=\"submit\" value=\"Enviar Mensaje\" \/>\n\t\t\t\t\t<\/p>\n\t\t\t\t<\/div>\n\t\t\t<\/div>\n\t\t<\/div>\n\t<\/div>\n<\/div><div class=\"wpcf7-response-output\" aria-hidden=\"true\"><\/div>\n<\/form>\n<\/div>\n<\/div>\n\t\t\t\t\t\t<\/div>\n\t\t\t\t\t<\/div>\n\t\t<\/div>\n\t\t\t\t\t<\/div>\n\t\t<\/section>\n\t\t\t\t\t<\/div>\n\t\t<\/div>\n\t\t\t\t\t<\/div>\n\t\t<\/section>\n\t\t<div class=\"elementor-element elementor-element-06a62fc e-grid e-con-boxed e-con e-parent\" data-id=\"06a62fc\" data-element_type=\"container\">\n\t\t\t\t\t<div class=\"e-con-inner\">\n\t\t\t\t<div class=\"elementor-element elementor-element-1db2d69 elementor-widget elementor-widget-spacer\" data-id=\"1db2d69\" data-element_type=\"widget\" data-widget_type=\"spacer.default\">\n\t\t\t\t\t\t\t<div class=\"elementor-spacer\">\n\t\t\t<div class=\"elementor-spacer-inner\"><\/div>\n\t\t<\/div>\n\t\t\t\t\t\t<\/div>\n\t\t\t\t\t<\/div>\n\t\t\t\t<\/div>\n\t\t\t\t<\/div>\n\t\t","protected":false},"excerpt":{"rendered":"<p>RTI Mantenimiento Ltda. Contacto Pedro Silva Buitrago Ubicaci\u00f3n Montel\u00edbano &#8211; C\u00f3rdoba &#8211; Colombia Email gerencia@rtimantenimiento.com pedrosilva@rtimantenimiento.com Tel\u00e9fonos 7623813 3176807785 3168086811 3164541612 Diligencie este formulario para comunicarse con nosotros. Todos los datos son obligatorios. Formulario de contacto<\/p>\n","protected":false},"author":1,"featured_media":0,"parent":0,"menu_order":0,"comment_status":"closed","ping_status":"closed","template":"tpl-default-elementor.php","meta":{"footnotes":""},"class_list":["post-1898","page","type-page","status-publish","hentry"],"_links":{"self":[{"href":"https:\/\/rtimantenimiento.com\/index.php\/wp-json\/wp\/v2\/pages\/1898","targetHints":{"allow":["GET"]}}],"collection":[{"href":"https:\/\/rtimantenimiento.com\/index.php\/wp-json\/wp\/v2\/pages"}],"about":[{"href":"https:\/\/rtimantenimiento.com\/index.php\/wp-json\/wp\/v2\/types\/page"}],"author":[{"embeddable":true,"href":"https:\/\/rtimantenimiento.com\/index.php\/wp-json\/wp\/v2\/users\/1"}],"replies":[{"embeddable":true,"href":"https:\/\/rtimantenimiento.com\/index.php\/wp-json\/wp\/v2\/comments?post=1898"}],"version-history":[{"count":16,"href":"https:\/\/rtimantenimiento.com\/index.php\/wp-json\/wp\/v2\/pages\/1898\/revisions"}],"predecessor-version":[{"id":4186,"href":"https:\/\/rtimantenimiento.com\/index.php\/wp-json\/wp\/v2\/pages\/1898\/revisions\/4186"}],"wp:attachment":[{"href":"https:\/\/rtimantenimiento.com\/index.php\/wp-json\/wp\/v2\/media?parent=1898"}],"curies":[{"name":"wp","href":"https:\/\/api.w.org\/{rel}","templated":true}]}}