{"id":1421,"date":"2023-01-17T11:34:41","date_gmt":"2023-01-17T11:34:41","guid":{"rendered":"http:\/\/finestwp.com\/kingstrox\/?page_id=1421"},"modified":"2025-12-07T06:08:55","modified_gmt":"2025-12-07T06:08:55","slug":"quienes-somos","status":"publish","type":"page","link":"https:\/\/rtimantenimiento.com\/index.php\/quienes-somos\/","title":{"rendered":"Qui\u00e9nes somos"},"content":{"rendered":"\t\t<div data-elementor-type=\"wp-page\" data-elementor-id=\"1421\" class=\"elementor elementor-1421\">\n\t\t\t\t\t\t<section class=\"elementor-section elementor-top-section elementor-element elementor-element-ced8973 elementor-section-full_width elementor-section-height-default elementor-section-height-default\" data-id=\"ced8973\" data-element_type=\"section\">\n\t\t\t\t\t\t<div class=\"elementor-container elementor-column-gap-no\">\n\t\t\t\t\t<div class=\"elementor-column elementor-col-100 elementor-top-column elementor-element elementor-element-65f4dd9\" data-id=\"65f4dd9\" data-element_type=\"column\">\n\t\t\t<div class=\"elementor-widget-wrap elementor-element-populated\">\n\t\t\t\t\t\t<div class=\"elementor-element elementor-element-994bae6 elementor-widget elementor-widget-kingstrox_about_two\" data-id=\"994bae6\" data-element_type=\"widget\" data-widget_type=\"kingstrox_about_two.default\">\n\t\t\t\t<div class=\"elementor-widget-container\">\n\t\t\t\t\t\n\n\n\t<!-- About Section -->\n\t<section class=\"about-section style-two \">\n        <div class=\"auto-container\">\n            <div class=\"row\">\n\t\t\t\t<div class=\"content-column col-lg-6 col-md-12 col-sm-12\">\n                    <div class=\"inner-column\">\n                        <div class=\"sec-title\">\n                            <span class=\"title\">R.T.I Mantenimiento Ltda, es una empresa de servicios de mantenimientos que ofrece a sus clientes soluciones profesionales en todos los campos del mantenimiento industrial, fabricaciones y reparaciones de maquinaria.<\/span>\n                            <h2>Qui\u00e9nes Somos<\/h2>\n                        <\/div>\n                        <div class=\"text\"><\/div>\n                        <ul class=\"list-style-one\">\n\t\t\t\t\t\t\t<li>Misi\u00f3n: Ofrecer excelentes servicios a nuestros clientes con rapidez y calidad de nuestros trabajos.<\/li>\n\n<li>Visi\u00f3n: Ser una empresa l\u00edder, enfocada en los m\u00e1s altos est\u00e1ndares de calidad, seguridad, productividad y competitividad en el Mantenimiento Industrial, que nos permita convertirnos en la mejor alternativa de la Regi\u00f3n.<\/li>                        <\/ul>\n                        <div class=\"btn-box\">\n                            <a href=\"#\" class=\"theme-btn btn-style-one\">Contacto<\/a>\n                        <\/div>\n                    <\/div>\n                <\/div>\n                <!-- Image Column -->\n                <div class=\"image-column col-lg-6 col-md-12 col-sm-12\">\n                    <div class=\"inner-column wow fadeInLeft\">\n                        <div class=\"text-layer\"><\/div>\n                        <figure class=\"image-1 wow fadeInUp\">\n\t\t\t\t\t\t\t<a href=\"\" class=\"lightbox-image\" data-fancybox=\"images\">\n\t\t\t\t\t\t\t\t\t\t\t\t\t\t\t\t\t<div class=\"noimage\"><\/div>\n\t\t\t\t\t\t\t\t\t\t\t\t\t\t\t<\/a>\n\t\t\t\t\t\t<\/figure>\n                        <figure class=\"image-2 wow fadeInRight\">\n\t\t\t\t\t\t\t<a href=\"\" class=\"lightbox-image\" data-fancybox=\"images\">\n\t\t\t\t\t\t\t\t\t\t\t\t\t\t\t\t\t<div class=\"noimage\"><\/div>\n\t\t\t\t\t\t\t\t\t\t\t\t\t\t\t<\/a>\n\t\t\t\t\t\t<\/figure>\n                        <div class=\"video-link wow zoomIn\">\n\t\t\t\t\t\t\t<a href=\"#\" class=\"link\" data-fancybox=\"gallery\" data-caption=\"\">\n\t\t\t\t\t\t\t\t<span class=\"\"><\/span>\n\t\t\t\t\t\t\t<\/a>\n\t\t\t\t\t\t<\/div>\n                    <\/div>\n                <\/div>\n            <\/div>\n        <\/div>\n    <\/section>\n    <!--Emd About Section -->\n\n\t\t\t\t\t\t<\/div>\n\t\t\t\t<\/div>\n\t\t\t\t\t<\/div>\n\t\t<\/div>\n\t\t\t\t\t<\/div>\n\t\t<\/section>\n\t\t\t\t<\/div>\n\t\t","protected":false},"excerpt":{"rendered":"<p>R.T.I Mantenimiento Ltda, es una empresa de servicios de mantenimientos que ofrece a sus clientes soluciones profesionales en todos los campos del mantenimiento industrial, fabricaciones y reparaciones de maquinaria. Qui\u00e9nes Somos Misi\u00f3n: Ofrecer excelentes servicios a nuestros clientes con rapidez y calidad de nuestros trabajos. Visi\u00f3n: Ser una empresa l\u00edder, enfocada en los m\u00e1s altos [&hellip;]<\/p>\n","protected":false},"author":1,"featured_media":0,"parent":0,"menu_order":0,"comment_status":"closed","ping_status":"closed","template":"tpl-default-elementor.php","meta":{"footnotes":""},"class_list":["post-1421","page","type-page","status-publish","hentry"],"_links":{"self":[{"href":"https:\/\/rtimantenimiento.com\/index.php\/wp-json\/wp\/v2\/pages\/1421","targetHints":{"allow":["GET"]}}],"collection":[{"href":"https:\/\/rtimantenimiento.com\/index.php\/wp-json\/wp\/v2\/pages"}],"about":[{"href":"https:\/\/rtimantenimiento.com\/index.php\/wp-json\/wp\/v2\/types\/page"}],"author":[{"embeddable":true,"href":"https:\/\/rtimantenimiento.com\/index.php\/wp-json\/wp\/v2\/users\/1"}],"replies":[{"embeddable":true,"href":"https:\/\/rtimantenimiento.com\/index.php\/wp-json\/wp\/v2\/comments?post=1421"}],"version-history":[{"count":5,"href":"https:\/\/rtimantenimiento.com\/index.php\/wp-json\/wp\/v2\/pages\/1421\/revisions"}],"predecessor-version":[{"id":4119,"href":"https:\/\/rtimantenimiento.com\/index.php\/wp-json\/wp\/v2\/pages\/1421\/revisions\/4119"}],"wp:attachment":[{"href":"https:\/\/rtimantenimiento.com\/index.php\/wp-json\/wp\/v2\/media?parent=1421"}],"curies":[{"name":"wp","href":"https:\/\/api.w.org\/{rel}","templated":true}]}}